{"id":61,"date":"2026-01-22T12:07:12","date_gmt":"2026-01-22T11:07:12","guid":{"rendered":"http:\/\/www.dexter-lab-production.fr\/?page_id=61"},"modified":"2026-01-22T14:31:14","modified_gmt":"2026-01-22T13:31:14","slug":"61-2","status":"publish","type":"page","link":"https:\/\/www.dexter-lab-production.fr\/","title":{"rendered":"DEXTER LAB PRODUCTION"},"content":{"rendered":"\n<div class=\"wp-block-cover alignfull has-custom-content-position is-position-bottom-center\" style=\"margin-top:0;margin-bottom:0;padding-top:var(--wp--preset--spacing--50);padding-right:var(--wp--preset--spacing--50);padding-bottom:var(--wp--preset--spacing--50);padding-left:var(--wp--preset--spacing--50);min-height:840px;aspect-ratio:unset;\"><img loading=\"lazy\" decoding=\"async\" width=\"1920\" height=\"1080\" class=\"wp-block-cover__image-background wp-image-40 size-full\" alt=\"hjjksfdkqzbkdbahzhb\" src=\"http:\/\/www.dexter-lab-production.fr\/wp-content\/uploads\/2025\/11\/DEXTERLAB.jpg\" style=\"object-position:36% 59%\" data-object-fit=\"cover\" data-object-position=\"36% 59%\" srcset=\"https:\/\/www.dexter-lab-production.fr\/wp-content\/uploads\/2025\/11\/DEXTERLAB.jpg 1920w, https:\/\/www.dexter-lab-production.fr\/wp-content\/uploads\/2025\/11\/DEXTERLAB-300x169.jpg 300w, https:\/\/www.dexter-lab-production.fr\/wp-content\/uploads\/2025\/11\/DEXTERLAB-1024x576.jpg 1024w, https:\/\/www.dexter-lab-production.fr\/wp-content\/uploads\/2025\/11\/DEXTERLAB-768x432.jpg 768w, https:\/\/www.dexter-lab-production.fr\/wp-content\/uploads\/2025\/11\/DEXTERLAB-1536x864.jpg 1536w\" sizes=\"auto, (max-width: 1920px) 100vw, 1920px\" \/><span aria-hidden=\"true\" class=\"wp-block-cover__background has-background-dim-10 has-background-dim\" style=\"background-color:#262728\"><\/span><div class=\"wp-block-cover__inner-container has-global-padding is-layout-constrained wp-container-core-cover-is-layout-06d47e80 wp-block-cover-is-layout-constrained\">\n<h2 class=\"wp-block-heading\" style=\"font-size:clamp(33.419px, 2.089rem + ((1vw - 3.2px) * 2.606), 60px);writing-mode:horizontal-tb\">DEXTER LAB PRODUCTION<\/h2>\n\n\n\n<p class=\"has-text-align-right has-large-font-size\" style=\"border-style:none;border-width:0px;font-style:normal;font-weight:400;writing-mode:horizontal-tb\"><strong><em>Votre \u00e9v\u00e9nement, notre vision en direct nous donnons vie \u00e0 vos id\u00e9es, partout.<\/em><\/strong><\/p>\n<\/div><\/div>\n\n\n\n<div class=\"wp-block-group alignfull is-style-section-5 has-global-padding is-layout-constrained wp-block-group-is-layout-constrained is-style-section-5--1\" style=\"margin-top:0;margin-bottom:0;padding-top:var(--wp--preset--spacing--50);padding-bottom:var(--wp--preset--spacing--50)\">\n<div class=\"wp-block-columns alignwide is-layout-flex wp-container-core-columns-is-layout-7ee84d44 wp-block-columns-is-layout-flex\">\n<div class=\"wp-block-column is-vertically-aligned-center is-layout-flow wp-block-column-is-layout-flow\" style=\"flex-basis:50%\">\n<h2 class=\"wp-block-heading\">La vid\u00e9o pr\u00e8s de chez vous<\/h2>\n\n\n\n<p class=\"has-medium-font-size\">Dexterlab Production est une soci\u00e9t\u00e9 sp\u00e9cialis\u00e9e dans la cr\u00e9ation audiovisuelle, le montage vid\u00e9o et la retransmission en direct d&#8217;\u00e9v\u00e9nements sur internet. Nous accompagnons les entreprises, institutions, particuliers et associations dans la mise en valeur de leurs projets gr\u00e2ce \u00e0 des productions dynamiques, soign\u00e9es et adapt\u00e9es \u00e0 chaque besoin.<\/p>\n<\/div>\n\n\n\n<div class=\"wp-block-column is-vertically-aligned-center is-layout-flow wp-block-column-is-layout-flow\" style=\"flex-basis:50%\">\n<figure class=\"wp-block-image size-full\"><img loading=\"lazy\" decoding=\"async\" width=\"1536\" height=\"1024\" src=\"http:\/\/www.dexter-lab-production.fr\/wp-content\/uploads\/2025\/11\/c16e6926-aee3-4647-affe-b096960b5083.png\" alt=\"\" class=\"wp-image-17\" style=\"aspect-ratio:1;object-fit:cover\" srcset=\"https:\/\/www.dexter-lab-production.fr\/wp-content\/uploads\/2025\/11\/c16e6926-aee3-4647-affe-b096960b5083.png 1536w, https:\/\/www.dexter-lab-production.fr\/wp-content\/uploads\/2025\/11\/c16e6926-aee3-4647-affe-b096960b5083-300x200.png 300w, https:\/\/www.dexter-lab-production.fr\/wp-content\/uploads\/2025\/11\/c16e6926-aee3-4647-affe-b096960b5083-1024x683.png 1024w, https:\/\/www.dexter-lab-production.fr\/wp-content\/uploads\/2025\/11\/c16e6926-aee3-4647-affe-b096960b5083-768x512.png 768w\" sizes=\"auto, (max-width: 1536px) 100vw, 1536px\" \/><\/figure>\n<\/div>\n<\/div>\n<\/div>\n\n\n\n<div class=\"wp-block-group alignwide has-global-padding is-content-justification-center is-layout-constrained wp-block-group-is-layout-constrained\" style=\"margin-top:0;margin-bottom:0\">\n<div class=\"wp-block-group alignwide is-layout-grid wp-container-core-group-is-layout-5fdb10e5 wp-block-group-is-layout-grid\" style=\"padding-top:var(--wp--preset--spacing--50);padding-bottom:var(--wp--preset--spacing--50)\">\n<div class=\"wp-block-group is-vertical is-content-justification-stretch is-nowrap is-layout-flex wp-container-core-group-is-layout-627337ab wp-block-group-is-layout-flex\">\n<div class=\"wp-block-group is-vertical is-content-justification-left is-layout-flex wp-container-core-group-is-layout-dd225191 wp-block-group-is-layout-flex\">\n<h2 class=\"wp-block-heading is-style-text-annotation is-style-text-annotation--2\">\u00c0 propos<\/h2>\n\n\n\n<p class=\"is-style-text-subtitle is-style-text-subtitle--3\"><strong>La Retransmission Vid\u00e9o en Direct<\/strong><\/p>\n\n\n\n<p class=\"is-style-text-subtitle is-style-text-subtitle--4\"> Nous contr\u00f4lons la retransmission vid\u00e9o en direct de vos \u00e9v\u00e9nements sur internet, pour que votre public puisse vivre chaque instant comme s&#8217;il y \u00e9tait. Conf\u00e9rences, comp\u00e9titions, c\u00e9r\u00e9monies\u2026 nous capturons l&#8217;\u00e9motion, l&#8217;\u00e9nergie et le message de votre \u00e9v\u00e9nement gr\u00e2ce \u00e0 une diffusion fluide, de haute qualit\u00e9 et accessible partout.<\/p>\n<\/div>\n\n\n\n<figure class=\"wp-block-image size-full\"><img loading=\"lazy\" decoding=\"async\" width=\"1536\" height=\"1024\" src=\"http:\/\/www.dexter-lab-production.fr\/wp-content\/uploads\/2025\/11\/1d400b55-0f5d-4936-9e4d-adb67fc85ab3.png\" alt=\"\" class=\"wp-image-19\" style=\"aspect-ratio:16\/9;object-fit:cover\" srcset=\"https:\/\/www.dexter-lab-production.fr\/wp-content\/uploads\/2025\/11\/1d400b55-0f5d-4936-9e4d-adb67fc85ab3.png 1536w, https:\/\/www.dexter-lab-production.fr\/wp-content\/uploads\/2025\/11\/1d400b55-0f5d-4936-9e4d-adb67fc85ab3-300x200.png 300w, https:\/\/www.dexter-lab-production.fr\/wp-content\/uploads\/2025\/11\/1d400b55-0f5d-4936-9e4d-adb67fc85ab3-1024x683.png 1024w, https:\/\/www.dexter-lab-production.fr\/wp-content\/uploads\/2025\/11\/1d400b55-0f5d-4936-9e4d-adb67fc85ab3-768x512.png 768w\" sizes=\"auto, (max-width: 1536px) 100vw, 1536px\" \/><\/figure>\n<\/div>\n\n\n\n<figure class=\"wp-block-gallery has-nested-images columns-default is-cropped wp-block-gallery-5 wp-container-content-0dabd4d5 is-layout-flex wp-block-gallery-is-layout-flex\">\n<figure class=\"wp-block-image size-full wp-container-content-69bc4bdf\"><img loading=\"lazy\" decoding=\"async\" width=\"1536\" height=\"1024\" data-id=\"18\" src=\"http:\/\/www.dexter-lab-production.fr\/wp-content\/uploads\/2025\/11\/ChatGPT-Image-13-nov.-2025-18_21_06.png\" alt=\"\" class=\"wp-image-18\" style=\"object-fit:cover\" srcset=\"https:\/\/www.dexter-lab-production.fr\/wp-content\/uploads\/2025\/11\/ChatGPT-Image-13-nov.-2025-18_21_06.png 1536w, https:\/\/www.dexter-lab-production.fr\/wp-content\/uploads\/2025\/11\/ChatGPT-Image-13-nov.-2025-18_21_06-300x200.png 300w, https:\/\/www.dexter-lab-production.fr\/wp-content\/uploads\/2025\/11\/ChatGPT-Image-13-nov.-2025-18_21_06-1024x683.png 1024w, https:\/\/www.dexter-lab-production.fr\/wp-content\/uploads\/2025\/11\/ChatGPT-Image-13-nov.-2025-18_21_06-768x512.png 768w\" sizes=\"auto, (max-width: 1536px) 100vw, 1536px\" \/><\/figure>\n<\/figure>\n<\/div>\n<\/div>\n\n\n\n<div class=\"wp-block-group alignfull has-global-padding is-layout-constrained wp-block-group-is-layout-constrained\" style=\"margin-top:0;margin-bottom:0\"><\/div>\n\n\n\n<div class=\"wp-block-group alignfull has-global-padding is-layout-constrained wp-container-core-group-is-layout-08655630 wp-block-group-is-layout-constrained\" style=\"margin-top:0;margin-bottom:0;padding-top:var(--wp--preset--spacing--80);padding-bottom:var(--wp--preset--spacing--80)\">\n<div class=\"wp-block-group alignwide is-layout-flow wp-block-group-is-layout-flow\">\n<p class=\"has-text-align-center is-style-text-display is-style-text-display--6\" style=\"font-style:normal;font-weight:400\">Vous avez des questions&nbsp;? <br><a href=\"#\" rel=\"nofollow\">N\u2019h\u00e9sitez pas \u00e0 nous contacter.<\/a><\/p>\n\n\n\n<div style=\"height:var(--wp--preset--spacing--40)\" aria-hidden=\"true\" class=\"wp-block-spacer\"><\/div>\n\n\n\n<ul class=\"wp-block-social-links has-icon-color is-style-logos-only is-content-justification-center is-layout-flex wp-container-core-social-links-is-layout-a89b3969 wp-block-social-links-is-layout-flex\"><li class=\"wp-social-link wp-social-link-twitter has-contrast-color wp-block-social-link\"><a href=\"\" class=\"wp-block-social-link-anchor\"><svg width=\"24\" height=\"24\" viewBox=\"0 0 24 24\" version=\"1.1\" xmlns=\"http:\/\/www.w3.org\/2000\/svg\" aria-hidden=\"true\" focusable=\"false\"><path d=\"M22.23,5.924c-0.736,0.326-1.527,0.547-2.357,0.646c0.847-0.508,1.498-1.312,1.804-2.27 c-0.793,0.47-1.671,0.812-2.606,0.996C18.324,4.498,17.257,4,16.077,4c-2.266,0-4.103,1.837-4.103,4.103 c0,0.322,0.036,0.635,0.106,0.935C8.67,8.867,5.647,7.234,3.623,4.751C3.27,5.357,3.067,6.062,3.067,6.814 c0,1.424,0.724,2.679,1.825,3.415c-0.673-0.021-1.305-0.206-1.859-0.513c0,0.017,0,0.034,0,0.052c0,1.988,1.414,3.647,3.292,4.023 c-0.344,0.094-0.707,0.144-1.081,0.144c-0.264,0-0.521-0.026-0.772-0.074c0.522,1.63,2.038,2.816,3.833,2.85 c-1.404,1.1-3.174,1.756-5.096,1.756c-0.331,0-0.658-0.019-0.979-0.057c1.816,1.164,3.973,1.843,6.29,1.843 c7.547,0,11.675-6.252,11.675-11.675c0-0.178-0.004-0.355-0.012-0.531C20.985,7.47,21.68,6.747,22.23,5.924z\"><\/path><\/svg><span class=\"wp-block-social-link-label screen-reader-text\">Twitter<\/span><\/a><\/li>\n\n<li class=\"wp-social-link wp-social-link-facebook has-contrast-color wp-block-social-link\"><a href=\"\" class=\"wp-block-social-link-anchor\"><svg width=\"24\" height=\"24\" viewBox=\"0 0 24 24\" version=\"1.1\" xmlns=\"http:\/\/www.w3.org\/2000\/svg\" aria-hidden=\"true\" focusable=\"false\"><path d=\"M12 2C6.5 2 2 6.5 2 12c0 5 3.7 9.1 8.4 9.9v-7H7.9V12h2.5V9.8c0-2.5 1.5-3.9 3.8-3.9 1.1 0 2.2.2 2.2.2v2.5h-1.3c-1.2 0-1.6.8-1.6 1.6V12h2.8l-.4 2.9h-2.3v7C18.3 21.1 22 17 22 12c0-5.5-4.5-10-10-10z\"><\/path><\/svg><span class=\"wp-block-social-link-label screen-reader-text\">Facebook<\/span><\/a><\/li>\n\n<li class=\"wp-social-link wp-social-link-instagram has-contrast-color wp-block-social-link\"><a href=\"\" class=\"wp-block-social-link-anchor\"><svg width=\"24\" height=\"24\" viewBox=\"0 0 24 24\" version=\"1.1\" xmlns=\"http:\/\/www.w3.org\/2000\/svg\" aria-hidden=\"true\" focusable=\"false\"><path d=\"M12,4.622c2.403,0,2.688,0.009,3.637,0.052c0.877,0.04,1.354,0.187,1.671,0.31c0.42,0.163,0.72,0.358,1.035,0.673 c0.315,0.315,0.51,0.615,0.673,1.035c0.123,0.317,0.27,0.794,0.31,1.671c0.043,0.949,0.052,1.234,0.052,3.637 s-0.009,2.688-0.052,3.637c-0.04,0.877-0.187,1.354-0.31,1.671c-0.163,0.42-0.358,0.72-0.673,1.035 c-0.315,0.315-0.615,0.51-1.035,0.673c-0.317,0.123-0.794,0.27-1.671,0.31c-0.949,0.043-1.233,0.052-3.637,0.052 s-2.688-0.009-3.637-0.052c-0.877-0.04-1.354-0.187-1.671-0.31c-0.42-0.163-0.72-0.358-1.035-0.673 c-0.315-0.315-0.51-0.615-0.673-1.035c-0.123-0.317-0.27-0.794-0.31-1.671C4.631,14.688,4.622,14.403,4.622,12 s0.009-2.688,0.052-3.637c0.04-0.877,0.187-1.354,0.31-1.671c0.163-0.42,0.358-0.72,0.673-1.035 c0.315-0.315,0.615-0.51,1.035-0.673c0.317-0.123,0.794-0.27,1.671-0.31C9.312,4.631,9.597,4.622,12,4.622 M12,3 C9.556,3,9.249,3.01,8.289,3.054C7.331,3.098,6.677,3.25,6.105,3.472C5.513,3.702,5.011,4.01,4.511,4.511 c-0.5,0.5-0.808,1.002-1.038,1.594C3.25,6.677,3.098,7.331,3.054,8.289C3.01,9.249,3,9.556,3,12c0,2.444,0.01,2.751,0.054,3.711 c0.044,0.958,0.196,1.612,0.418,2.185c0.23,0.592,0.538,1.094,1.038,1.594c0.5,0.5,1.002,0.808,1.594,1.038 c0.572,0.222,1.227,0.375,2.185,0.418C9.249,20.99,9.556,21,12,21s2.751-0.01,3.711-0.054c0.958-0.044,1.612-0.196,2.185-0.418 c0.592-0.23,1.094-0.538,1.594-1.038c0.5-0.5,0.808-1.002,1.038-1.594c0.222-0.572,0.375-1.227,0.418-2.185 C20.99,14.751,21,14.444,21,12s-0.01-2.751-0.054-3.711c-0.044-0.958-0.196-1.612-0.418-2.185c-0.23-0.592-0.538-1.094-1.038-1.594 c-0.5-0.5-1.002-0.808-1.594-1.038c-0.572-0.222-1.227-0.375-2.185-0.418C14.751,3.01,14.444,3,12,3L12,3z M12,7.378 c-2.552,0-4.622,2.069-4.622,4.622S9.448,16.622,12,16.622s4.622-2.069,4.622-4.622S14.552,7.378,12,7.378z M12,15 c-1.657,0-3-1.343-3-3s1.343-3,3-3s3,1.343,3,3S13.657,15,12,15z M16.804,6.116c-0.596,0-1.08,0.484-1.08,1.08 s0.484,1.08,1.08,1.08c0.596,0,1.08-0.484,1.08-1.08S17.401,6.116,16.804,6.116z\"><\/path><\/svg><span class=\"wp-block-social-link-label screen-reader-text\">Instagram<\/span><\/a><\/li><\/ul>\n<\/div>\n<\/div>\n\n\n\n<div class=\"wp-block-group has-global-padding is-layout-constrained wp-container-core-group-is-layout-c9143562 wp-block-group-is-layout-constrained\" style=\"border-style:none;border-width:0px;border-top-left-radius:100px;border-top-right-radius:100px;border-bottom-left-radius:100px;border-bottom-right-radius:100px;margin-top:var(--wp--preset--spacing--80);margin-bottom:var(--wp--preset--spacing--80);padding-top:var(--wp--preset--spacing--80);padding-right:0;padding-bottom:var(--wp--preset--spacing--80);padding-left:0\"><\/div>\n","protected":false},"excerpt":{"rendered":"<p>La vid\u00e9o pr\u00e8s de chez vous Dexterlab Production est une soci\u00e9t\u00e9 sp\u00e9cialis\u00e9e dans la cr\u00e9ation audiovisuelle, le montage vid\u00e9o et la retransmission en direct d&#8217;\u00e9v\u00e9nements sur internet. Nous accompagnons les entreprises, institutions, particuliers et associations dans la mise en valeur de leurs projets gr\u00e2ce \u00e0 des productions dynamiques, soign\u00e9es et adapt\u00e9es \u00e0 chaque besoin. Vous [&hellip;]<\/p>\n","protected":false},"author":1,"featured_media":0,"parent":0,"menu_order":0,"comment_status":"closed","ping_status":"closed","template":"","meta":{"footnotes":""},"class_list":["post-61","page","type-page","status-publish","hentry"],"yoast_head":"<!-- This site is optimized with the Yoast SEO plugin v27.3 - https:\/\/yoast.com\/product\/yoast-seo-wordpress\/ -->\n<title>DEXTER LAB PRODUCTION - Dexter Lab Production<\/title>\n<meta name=\"robots\" content=\"index, follow, max-snippet:-1, max-image-preview:large, max-video-preview:-1\" \/>\n<link rel=\"canonical\" href=\"https:\/\/www.dexter-lab-production.fr\/\" \/>\n<meta property=\"og:locale\" content=\"en_US\" \/>\n<meta property=\"og:type\" content=\"article\" \/>\n<meta property=\"og:title\" content=\"DEXTER LAB PRODUCTION - Dexter Lab Production\" \/>\n<meta property=\"og:description\" content=\"La vid\u00e9o pr\u00e8s de chez vous Dexterlab Production est une soci\u00e9t\u00e9 sp\u00e9cialis\u00e9e dans la cr\u00e9ation audiovisuelle, le montage vid\u00e9o et la retransmission en direct d&#8217;\u00e9v\u00e9nements sur internet. Nous accompagnons les entreprises, institutions, particuliers et associations dans la mise en valeur de leurs projets gr\u00e2ce \u00e0 des productions dynamiques, soign\u00e9es et adapt\u00e9es \u00e0 chaque besoin. Vous [&hellip;]\" \/>\n<meta property=\"og:url\" content=\"https:\/\/www.dexter-lab-production.fr\/\" \/>\n<meta property=\"og:site_name\" content=\"Dexter Lab Production\" \/>\n<meta property=\"article:modified_time\" content=\"2026-01-22T13:31:14+00:00\" \/>\n<meta property=\"og:image\" content=\"http:\/\/www.dexter-lab-production.fr\/wp-content\/uploads\/2025\/11\/c16e6926-aee3-4647-affe-b096960b5083.png\" \/>\n<meta name=\"twitter:card\" content=\"summary_large_image\" \/>\n<meta name=\"twitter:label1\" content=\"Est. reading time\" \/>\n\t<meta name=\"twitter:data1\" content=\"1 minute\" \/>\n<script type=\"application\/ld+json\" class=\"yoast-schema-graph\">{\"@context\":\"https:\\\/\\\/schema.org\",\"@graph\":[{\"@type\":\"WebPage\",\"@id\":\"https:\\\/\\\/www.dexter-lab-production.fr\\\/\",\"url\":\"https:\\\/\\\/www.dexter-lab-production.fr\\\/\",\"name\":\"DEXTER LAB PRODUCTION - Dexter Lab Production\",\"isPartOf\":{\"@id\":\"https:\\\/\\\/www.dexter-lab-production.fr\\\/#website\"},\"primaryImageOfPage\":{\"@id\":\"https:\\\/\\\/www.dexter-lab-production.fr\\\/#primaryimage\"},\"image\":{\"@id\":\"https:\\\/\\\/www.dexter-lab-production.fr\\\/#primaryimage\"},\"thumbnailUrl\":\"http:\\\/\\\/www.dexter-lab-production.fr\\\/wp-content\\\/uploads\\\/2025\\\/11\\\/c16e6926-aee3-4647-affe-b096960b5083.png\",\"datePublished\":\"2026-01-22T11:07:12+00:00\",\"dateModified\":\"2026-01-22T13:31:14+00:00\",\"breadcrumb\":{\"@id\":\"https:\\\/\\\/www.dexter-lab-production.fr\\\/#breadcrumb\"},\"inLanguage\":\"en-US\",\"potentialAction\":[{\"@type\":\"ReadAction\",\"target\":[\"https:\\\/\\\/www.dexter-lab-production.fr\\\/\"]}]},{\"@type\":\"ImageObject\",\"inLanguage\":\"en-US\",\"@id\":\"https:\\\/\\\/www.dexter-lab-production.fr\\\/#primaryimage\",\"url\":\"https:\\\/\\\/www.dexter-lab-production.fr\\\/wp-content\\\/uploads\\\/2025\\\/11\\\/c16e6926-aee3-4647-affe-b096960b5083.png\",\"contentUrl\":\"https:\\\/\\\/www.dexter-lab-production.fr\\\/wp-content\\\/uploads\\\/2025\\\/11\\\/c16e6926-aee3-4647-affe-b096960b5083.png\",\"width\":1536,\"height\":1024},{\"@type\":\"BreadcrumbList\",\"@id\":\"https:\\\/\\\/www.dexter-lab-production.fr\\\/#breadcrumb\",\"itemListElement\":[{\"@type\":\"ListItem\",\"position\":1,\"name\":\"Home\",\"item\":\"https:\\\/\\\/www.dexter-lab-production.fr\\\/\"},{\"@type\":\"ListItem\",\"position\":2,\"name\":\"DEXTER LAB PRODUCTION\"}]},{\"@type\":\"WebSite\",\"@id\":\"https:\\\/\\\/www.dexter-lab-production.fr\\\/#website\",\"url\":\"https:\\\/\\\/www.dexter-lab-production.fr\\\/\",\"name\":\"Dexter Lab Production\",\"description\":\"Dexter Lab Production \u2013 Captation, drone et vid\u00e9o en direct dans toute la France.\",\"potentialAction\":[{\"@type\":\"SearchAction\",\"target\":{\"@type\":\"EntryPoint\",\"urlTemplate\":\"https:\\\/\\\/www.dexter-lab-production.fr\\\/?s={search_term_string}\"},\"query-input\":{\"@type\":\"PropertyValueSpecification\",\"valueRequired\":true,\"valueName\":\"search_term_string\"}}],\"inLanguage\":\"en-US\"}]}<\/script>\n<!-- \/ Yoast SEO plugin. -->","yoast_head_json":{"title":"DEXTER LAB PRODUCTION - Dexter Lab Production","robots":{"index":"index","follow":"follow","max-snippet":"max-snippet:-1","max-image-preview":"max-image-preview:large","max-video-preview":"max-video-preview:-1"},"canonical":"https:\/\/www.dexter-lab-production.fr\/","og_locale":"en_US","og_type":"article","og_title":"DEXTER LAB PRODUCTION - Dexter Lab Production","og_description":"La vid\u00e9o pr\u00e8s de chez vous Dexterlab Production est une soci\u00e9t\u00e9 sp\u00e9cialis\u00e9e dans la cr\u00e9ation audiovisuelle, le montage vid\u00e9o et la retransmission en direct d&#8217;\u00e9v\u00e9nements sur internet. Nous accompagnons les entreprises, institutions, particuliers et associations dans la mise en valeur de leurs projets gr\u00e2ce \u00e0 des productions dynamiques, soign\u00e9es et adapt\u00e9es \u00e0 chaque besoin. Vous [&hellip;]","og_url":"https:\/\/www.dexter-lab-production.fr\/","og_site_name":"Dexter Lab Production","article_modified_time":"2026-01-22T13:31:14+00:00","og_image":[{"url":"http:\/\/www.dexter-lab-production.fr\/wp-content\/uploads\/2025\/11\/c16e6926-aee3-4647-affe-b096960b5083.png","type":"","width":"","height":""}],"twitter_card":"summary_large_image","twitter_misc":{"Est. reading time":"1 minute"},"schema":{"@context":"https:\/\/schema.org","@graph":[{"@type":"WebPage","@id":"https:\/\/www.dexter-lab-production.fr\/","url":"https:\/\/www.dexter-lab-production.fr\/","name":"DEXTER LAB PRODUCTION - Dexter Lab Production","isPartOf":{"@id":"https:\/\/www.dexter-lab-production.fr\/#website"},"primaryImageOfPage":{"@id":"https:\/\/www.dexter-lab-production.fr\/#primaryimage"},"image":{"@id":"https:\/\/www.dexter-lab-production.fr\/#primaryimage"},"thumbnailUrl":"http:\/\/www.dexter-lab-production.fr\/wp-content\/uploads\/2025\/11\/c16e6926-aee3-4647-affe-b096960b5083.png","datePublished":"2026-01-22T11:07:12+00:00","dateModified":"2026-01-22T13:31:14+00:00","breadcrumb":{"@id":"https:\/\/www.dexter-lab-production.fr\/#breadcrumb"},"inLanguage":"en-US","potentialAction":[{"@type":"ReadAction","target":["https:\/\/www.dexter-lab-production.fr\/"]}]},{"@type":"ImageObject","inLanguage":"en-US","@id":"https:\/\/www.dexter-lab-production.fr\/#primaryimage","url":"https:\/\/www.dexter-lab-production.fr\/wp-content\/uploads\/2025\/11\/c16e6926-aee3-4647-affe-b096960b5083.png","contentUrl":"https:\/\/www.dexter-lab-production.fr\/wp-content\/uploads\/2025\/11\/c16e6926-aee3-4647-affe-b096960b5083.png","width":1536,"height":1024},{"@type":"BreadcrumbList","@id":"https:\/\/www.dexter-lab-production.fr\/#breadcrumb","itemListElement":[{"@type":"ListItem","position":1,"name":"Home","item":"https:\/\/www.dexter-lab-production.fr\/"},{"@type":"ListItem","position":2,"name":"DEXTER LAB PRODUCTION"}]},{"@type":"WebSite","@id":"https:\/\/www.dexter-lab-production.fr\/#website","url":"https:\/\/www.dexter-lab-production.fr\/","name":"Dexter Lab Production","description":"Dexter Lab Production \u2013 Captation, drone et vid\u00e9o en direct dans toute la France.","potentialAction":[{"@type":"SearchAction","target":{"@type":"EntryPoint","urlTemplate":"https:\/\/www.dexter-lab-production.fr\/?s={search_term_string}"},"query-input":{"@type":"PropertyValueSpecification","valueRequired":true,"valueName":"search_term_string"}}],"inLanguage":"en-US"}]}},"_links":{"self":[{"href":"https:\/\/www.dexter-lab-production.fr\/index.php\/wp-json\/wp\/v2\/pages\/61","targetHints":{"allow":["GET"]}}],"collection":[{"href":"https:\/\/www.dexter-lab-production.fr\/index.php\/wp-json\/wp\/v2\/pages"}],"about":[{"href":"https:\/\/www.dexter-lab-production.fr\/index.php\/wp-json\/wp\/v2\/types\/page"}],"author":[{"embeddable":true,"href":"https:\/\/www.dexter-lab-production.fr\/index.php\/wp-json\/wp\/v2\/users\/1"}],"replies":[{"embeddable":true,"href":"https:\/\/www.dexter-lab-production.fr\/index.php\/wp-json\/wp\/v2\/comments?post=61"}],"version-history":[{"count":11,"href":"https:\/\/www.dexter-lab-production.fr\/index.php\/wp-json\/wp\/v2\/pages\/61\/revisions"}],"predecessor-version":[{"id":108,"href":"https:\/\/www.dexter-lab-production.fr\/index.php\/wp-json\/wp\/v2\/pages\/61\/revisions\/108"}],"wp:attachment":[{"href":"https:\/\/www.dexter-lab-production.fr\/index.php\/wp-json\/wp\/v2\/media?parent=61"}],"curies":[{"name":"wp","href":"https:\/\/api.w.org\/{rel}","templated":true}]}}